{"id":241,"date":"2018-06-20T07:13:55","date_gmt":"2018-06-20T05:13:55","guid":{"rendered":"https:\/\/intensa.hr\/proizvod\/hand-sanitizer\/"},"modified":"2025-09-30T11:46:10","modified_gmt":"2025-09-30T09:46:10","slug":"vreca-75-75-130","status":"publish","type":"product","link":"https:\/\/intensa.hr\/en\/product\/vreca-75-75-130\/","title":{"rendered":"Vre\u0107a 75x75x130"},"content":{"rendered":"<p>There were spices in the bags.<br \/>\nLoad capacity 1000 kg, valve up and down, 4 straps<\/p>\n<p>Cijena za ostale koli\u010dine po dogovoru.<\/p>","protected":false},"excerpt":{"rendered":"<p>Prices are without VAT.<br \/>\nDostava nije uklju\u010dena.<br \/>\nOpcije dostave na UPIT: +385 91 3632 068 ili <a href=\"mailto:info@intensa.hr\" rel=\"noopener\" target=\"_blank\">info@intensa.hr<\/a>.<\/p>\n<p>Dimensions of used bags:<\/p>\n<ul>\n<li>120 x 80 x 120 cm<\/li>\n<\/ul>","protected":false},"featured_media":5719,"template":"","meta":{"site-sidebar-layout":"default","site-content-layout":"default","ast-site-content-layout":"default","site-content-style":"default","site-sidebar-style":"default","ast-global-header-display":"","ast-banner-title-visibility":"","ast-main-header-display":"","ast-hfb-above-header-display":"","ast-hfb-below-header-display":"","ast-hfb-mobile-header-display":"","site-post-title":"","ast-breadcrumbs-content":"","ast-featured-img":"","footer-sml-layout":"","ast-disable-related-posts":"","theme-transparent-header-meta":"default","adv-header-id-meta":"","stick-header-meta":"","header-above-stick-meta":"","header-main-stick-meta":"","header-below-stick-meta":"","astra-migrate-meta-layouts":"set","ast-page-background-enabled":"default","ast-page-background-meta":{"desktop":{"background-color":"","background-image":"","background-repeat":"repeat","background-position":"center center","background-size":"auto","background-attachment":"scroll","background-type":"","background-media":"","overlay-type":"","overlay-color":"","overlay-opacity":"","overlay-gradient":""},"tablet":{"background-color":"","background-image":"","background-repeat":"repeat","background-position":"center center","background-size":"auto","background-attachment":"scroll","background-type":"","background-media":"","overlay-type":"","overlay-color":"","overlay-opacity":"","overlay-gradient":""},"mobile":{"background-color":"","background-image":"","background-repeat":"repeat","background-position":"center center","background-size":"auto","background-attachment":"scroll","background-type":"","background-media":"","overlay-type":"","overlay-color":"","overlay-opacity":"","overlay-gradient":""}},"ast-content-background-meta":{"desktop":{"background-color":"var(--ast-global-color-5)","background-image":"","background-repeat":"repeat","background-position":"center center","background-size":"auto","background-attachment":"scroll","background-type":"","background-media":"","overlay-type":"","overlay-color":"","overlay-opacity":"","overlay-gradient":""},"tablet":{"background-color":"var(--ast-global-color-5)","background-image":"","background-repeat":"repeat","background-position":"center center","background-size":"auto","background-attachment":"scroll","background-type":"","background-media":"","overlay-type":"","overlay-color":"","overlay-opacity":"","overlay-gradient":""},"mobile":{"background-color":"var(--ast-global-color-5)","background-image":"","background-repeat":"repeat","background-position":"center center","background-size":"auto","background-attachment":"scroll","background-type":"","background-media":"","overlay-type":"","overlay-color":"","overlay-opacity":"","overlay-gradient":""}},"slim_seo":{"title":"Vre\u0107a 75x75x130 - Intensa","description":"Cijene su bez PDV-a. Dostava nije uklju\u010dena. Opcije dostave na UPIT: +385 91 3632 068 ili info@intensa.hr . Dimenzije rabljenih vre\u0107a: 120 x 80 x 120 cm"}},"product_brand":[],"product_cat":[25],"product_tag":[],"class_list":{"0":"post-241","1":"product","2":"type-product","3":"status-publish","4":"has-post-thumbnail","6":"product_cat-rabljene-jumbo-vrece","7":"desktop-align-left","8":"tablet-align-left","9":"mobile-align-left","11":"first","12":"instock","13":"featured","14":"taxable","15":"shipping-taxable","16":"purchasable","17":"product-type-simple"},"_links":{"self":[{"href":"https:\/\/intensa.hr\/en\/wp-json\/wp\/v2\/product\/241","targetHints":{"allow":["GET"]}}],"collection":[{"href":"https:\/\/intensa.hr\/en\/wp-json\/wp\/v2\/product"}],"about":[{"href":"https:\/\/intensa.hr\/en\/wp-json\/wp\/v2\/types\/product"}],"wp:featuredmedia":[{"embeddable":true,"href":"https:\/\/intensa.hr\/en\/wp-json\/wp\/v2\/media\/5719"}],"wp:attachment":[{"href":"https:\/\/intensa.hr\/en\/wp-json\/wp\/v2\/media?parent=241"}],"wp:term":[{"taxonomy":"product_brand","embeddable":true,"href":"https:\/\/intensa.hr\/en\/wp-json\/wp\/v2\/product_brand?post=241"},{"taxonomy":"product_cat","embeddable":true,"href":"https:\/\/intensa.hr\/en\/wp-json\/wp\/v2\/product_cat?post=241"},{"taxonomy":"product_tag","embeddable":true,"href":"https:\/\/intensa.hr\/en\/wp-json\/wp\/v2\/product_tag?post=241"}],"curies":[{"name":"wp","href":"https:\/\/api.w.org\/{rel}","templated":true}]}}