{"id":243,"date":"2018-06-20T07:16:56","date_gmt":"2018-06-20T05:16:56","guid":{"rendered":"https:\/\/intensa.hr\/proizvod\/pulses-from-organic-farm\/"},"modified":"2025-06-17T12:07:48","modified_gmt":"2025-06-17T10:07:48","slug":"nova-jumbo-vreca-90x-90-x-120","status":"publish","type":"product","link":"https:\/\/intensa.hr\/en\/product\/nova-jumbo-vreca-90x-90-x-120\/","title":{"rendered":"NEW jumbo bag 90 x 90 x 120"},"content":{"rendered":"<p>Up apron down valve, load capacity 1500 kg, 4 straps<br \/>\nGreen Food Certificate<\/p>","protected":false},"excerpt":{"rendered":"<p>Prices are without VAT.<br \/>\nDostava nije uklju\u010dena.<br \/>\nOpcije dostave na UPIT: +385 91 3632 068 ili <a href=\"mailto:info@intensa.hr\" rel=\"noopener\" target=\"_blank\">info@intensa.hr<\/a>.<\/p>\n<p>Dimensions of the NEW jumbo bag:<\/p>\n<ul>\n<li>90 x 90 x 160 cm<\/li>\n<\/ul>\n<p>Other dimensions in this version:<\/p>\n<ul>\n<li>90 x 90 x 120\/140 cm<\/li>\n<\/ul>","protected":false},"featured_media":5569,"template":"","meta":{"site-sidebar-layout":"default","site-content-layout":"default","ast-site-content-layout":"default","site-content-style":"default","site-sidebar-style":"default","ast-global-header-display":"","ast-banner-title-visibility":"","ast-main-header-display":"","ast-hfb-above-header-display":"","ast-hfb-below-header-display":"","ast-hfb-mobile-header-display":"","site-post-title":"","ast-breadcrumbs-content":"","ast-featured-img":"","footer-sml-layout":"","ast-disable-related-posts":"","theme-transparent-header-meta":"default","adv-header-id-meta":"","stick-header-meta":"","header-above-stick-meta":"","header-main-stick-meta":"","header-below-stick-meta":"","astra-migrate-meta-layouts":"set","ast-page-background-enabled":"default","ast-page-background-meta":{"desktop":{"background-color":"","background-image":"","background-repeat":"repeat","background-position":"center center","background-size":"auto","background-attachment":"scroll","background-type":"","background-media":"","overlay-type":"","overlay-color":"","overlay-opacity":"","overlay-gradient":""},"tablet":{"background-color":"","background-image":"","background-repeat":"repeat","background-position":"center center","background-size":"auto","background-attachment":"scroll","background-type":"","background-media":"","overlay-type":"","overlay-color":"","overlay-opacity":"","overlay-gradient":""},"mobile":{"background-color":"","background-image":"","background-repeat":"repeat","background-position":"center center","background-size":"auto","background-attachment":"scroll","background-type":"","background-media":"","overlay-type":"","overlay-color":"","overlay-opacity":"","overlay-gradient":""}},"ast-content-background-meta":{"desktop":{"background-color":"var(--ast-global-color-5)","background-image":"","background-repeat":"repeat","background-position":"center center","background-size":"auto","background-attachment":"scroll","background-type":"","background-media":"","overlay-type":"","overlay-color":"","overlay-opacity":"","overlay-gradient":""},"tablet":{"background-color":"var(--ast-global-color-5)","background-image":"","background-repeat":"repeat","background-position":"center center","background-size":"auto","background-attachment":"scroll","background-type":"","background-media":"","overlay-type":"","overlay-color":"","overlay-opacity":"","overlay-gradient":""},"mobile":{"background-color":"var(--ast-global-color-5)","background-image":"","background-repeat":"repeat","background-position":"center center","background-size":"auto","background-attachment":"scroll","background-type":"","background-media":"","overlay-type":"","overlay-color":"","overlay-opacity":"","overlay-gradient":""}},"slim_seo":{"title":"NOVA jumbo vre\u0107a 90 x 90 x 120 - Intensa","description":"Cijene su bez PDV-a. Dostava nije uklju\u010dena. Opcije dostave na UPIT: +385 91 3632 068 ili info@intensa.hr . Dimenzije Nova jumbo vre\u0107e: 90 x 90 x 160 cm Ostale"}},"product_brand":[],"product_cat":[24],"product_tag":[],"class_list":{"0":"post-243","1":"product","2":"type-product","3":"status-publish","4":"has-post-thumbnail","6":"product_cat-nove-jumbo-vrece","7":"desktop-align-left","8":"tablet-align-left","9":"mobile-align-left","11":"first","12":"instock","13":"featured","14":"taxable","15":"shipping-taxable","16":"purchasable","17":"product-type-simple"},"_links":{"self":[{"href":"https:\/\/intensa.hr\/en\/wp-json\/wp\/v2\/product\/243","targetHints":{"allow":["GET"]}}],"collection":[{"href":"https:\/\/intensa.hr\/en\/wp-json\/wp\/v2\/product"}],"about":[{"href":"https:\/\/intensa.hr\/en\/wp-json\/wp\/v2\/types\/product"}],"wp:featuredmedia":[{"embeddable":true,"href":"https:\/\/intensa.hr\/en\/wp-json\/wp\/v2\/media\/5569"}],"wp:attachment":[{"href":"https:\/\/intensa.hr\/en\/wp-json\/wp\/v2\/media?parent=243"}],"wp:term":[{"taxonomy":"product_brand","embeddable":true,"href":"https:\/\/intensa.hr\/en\/wp-json\/wp\/v2\/product_brand?post=243"},{"taxonomy":"product_cat","embeddable":true,"href":"https:\/\/intensa.hr\/en\/wp-json\/wp\/v2\/product_cat?post=243"},{"taxonomy":"product_tag","embeddable":true,"href":"https:\/\/intensa.hr\/en\/wp-json\/wp\/v2\/product_tag?post=243"}],"curies":[{"name":"wp","href":"https:\/\/api.w.org\/{rel}","templated":true}]}}