{"id":5987,"date":"2022-01-05T18:38:51","date_gmt":"2022-01-05T17:38:51","guid":{"rendered":"https:\/\/intensa.hr\/?post_type=product&#038;p=5987"},"modified":"2025-06-17T12:05:46","modified_gmt":"2025-06-17T10:05:46","slug":"ventilacijska-jumbo-vreca-85-85-180","status":"publish","type":"product","link":"https:\/\/intensa.hr\/en\/product\/ventilacijska-jumbo-vreca-85-85-180\/","title":{"rendered":"VENTILATION big bag 85X85X180"},"content":{"rendered":"<p>Ventilacijska jumbo vre\u0107a za \u017eitarice, krumpir, povr\u0107e&#8230;<br \/>\nUp apron down valve, load capacity 1500 kg, 4 straps<\/p>","protected":false},"excerpt":{"rendered":"<p>The price is without VAT.<br \/>\nDostava nije uklju\u010dena.<br \/>\nOpcije dostave na UPIT: +385 91 3632 068 ili <a href=\"mailto:info@intensa.hr\" rel=\"noopener\" target=\"_blank\">info@intensa.hr<\/a>.<\/p>\n<p>Dimensions of ventilation jumbo bag:<\/p>\n<ul>\n<li>85X85X180<\/li>\n<\/ul>","protected":false},"featured_media":5569,"template":"","meta":{"site-sidebar-layout":"default","site-content-layout":"default","ast-site-content-layout":"default","site-content-style":"default","site-sidebar-style":"default","ast-global-header-display":"","ast-banner-title-visibility":"","ast-main-header-display":"","ast-hfb-above-header-display":"","ast-hfb-below-header-display":"","ast-hfb-mobile-header-display":"","site-post-title":"","ast-breadcrumbs-content":"","ast-featured-img":"","footer-sml-layout":"","ast-disable-related-posts":"","theme-transparent-header-meta":"default","adv-header-id-meta":"","stick-header-meta":"","header-above-stick-meta":"","header-main-stick-meta":"","header-below-stick-meta":"","astra-migrate-meta-layouts":"set","ast-page-background-enabled":"default","ast-page-background-meta":{"desktop":{"background-color":"","background-image":"","background-repeat":"repeat","background-position":"center center","background-size":"auto","background-attachment":"scroll","background-type":"","background-media":"","overlay-type":"","overlay-color":"","overlay-opacity":"","overlay-gradient":""},"tablet":{"background-color":"","background-image":"","background-repeat":"repeat","background-position":"center center","background-size":"auto","background-attachment":"scroll","background-type":"","background-media":"","overlay-type":"","overlay-color":"","overlay-opacity":"","overlay-gradient":""},"mobile":{"background-color":"","background-image":"","background-repeat":"repeat","background-position":"center center","background-size":"auto","background-attachment":"scroll","background-type":"","background-media":"","overlay-type":"","overlay-color":"","overlay-opacity":"","overlay-gradient":""}},"ast-content-background-meta":{"desktop":{"background-color":"var(--ast-global-color-5)","background-image":"","background-repeat":"repeat","background-position":"center center","background-size":"auto","background-attachment":"scroll","background-type":"","background-media":"","overlay-type":"","overlay-color":"","overlay-opacity":"","overlay-gradient":""},"tablet":{"background-color":"var(--ast-global-color-5)","background-image":"","background-repeat":"repeat","background-position":"center center","background-size":"auto","background-attachment":"scroll","background-type":"","background-media":"","overlay-type":"","overlay-color":"","overlay-opacity":"","overlay-gradient":""},"mobile":{"background-color":"var(--ast-global-color-5)","background-image":"","background-repeat":"repeat","background-position":"center center","background-size":"auto","background-attachment":"scroll","background-type":"","background-media":"","overlay-type":"","overlay-color":"","overlay-opacity":"","overlay-gradient":""}},"slim_seo":{"title":"VENTILACIJSKA jumbo vre\u0107a 85X85X180 - Intensa","description":"Cijena je bez PDV-a. Dostava nije uklju\u010dena. Opcije dostave na UPIT: +385 91 3632 068 ili info@intensa.hr . Dimenzije ventilacijske jumbo vre\u0107e: 85X85X180"}},"product_brand":[],"product_cat":[24],"product_tag":[],"class_list":{"0":"post-5987","1":"product","2":"type-product","3":"status-publish","4":"has-post-thumbnail","6":"product_cat-nove-jumbo-vrece","7":"desktop-align-left","8":"tablet-align-left","9":"mobile-align-left","11":"first","12":"instock","13":"taxable","14":"shipping-taxable","15":"purchasable","16":"product-type-simple"},"_links":{"self":[{"href":"https:\/\/intensa.hr\/en\/wp-json\/wp\/v2\/product\/5987","targetHints":{"allow":["GET"]}}],"collection":[{"href":"https:\/\/intensa.hr\/en\/wp-json\/wp\/v2\/product"}],"about":[{"href":"https:\/\/intensa.hr\/en\/wp-json\/wp\/v2\/types\/product"}],"wp:featuredmedia":[{"embeddable":true,"href":"https:\/\/intensa.hr\/en\/wp-json\/wp\/v2\/media\/5569"}],"wp:attachment":[{"href":"https:\/\/intensa.hr\/en\/wp-json\/wp\/v2\/media?parent=5987"}],"wp:term":[{"taxonomy":"product_brand","embeddable":true,"href":"https:\/\/intensa.hr\/en\/wp-json\/wp\/v2\/product_brand?post=5987"},{"taxonomy":"product_cat","embeddable":true,"href":"https:\/\/intensa.hr\/en\/wp-json\/wp\/v2\/product_cat?post=5987"},{"taxonomy":"product_tag","embeddable":true,"href":"https:\/\/intensa.hr\/en\/wp-json\/wp\/v2\/product_tag?post=5987"}],"curies":[{"name":"wp","href":"https:\/\/api.w.org\/{rel}","templated":true}]}}