{"id":6453,"date":"2023-01-04T12:34:54","date_gmt":"2023-01-04T11:34:54","guid":{"rendered":"https:\/\/intensa.hr\/?post_type=product&#038;p=6453"},"modified":"2025-06-17T12:04:32","modified_gmt":"2025-06-17T10:04:32","slug":"intensa-pp-vreca-50-kg-100-kom","status":"publish","type":"product","link":"https:\/\/intensa.hr\/en\/product\/intensa-pp-vreca-50-kg-100-kom\/","title":{"rendered":"Intensa PP Bag 50 kg (100 pieces)"},"content":{"rendered":"<p>PP bags (with border) for sand, cereals, rubble, rabbit dikes, etc.<\/p>\n<p>Dimensions 55 x 110 cm, load capacity 50 kg<br \/>\nCijena paketa od 100 komada vre\u0107a.<\/p>","protected":false},"excerpt":{"rendered":"<p>Cijena paketa od 100 komada vre\u0107a.<br \/>\nPrices are without VAT.<br \/>\nDostava nije uklju\u010dena.<br \/>\nOpcije dostave na UPIT: +385 91 3632 068 ili <a href=\"mailto:info@intensa.hr\" rel=\"noopener\" target=\"_blank\">info@intensa.hr<\/a>.<\/p>\n<p>Bag dimensions:<br \/>\n55 x 110 cm <\/p>","protected":false},"featured_media":5723,"template":"","meta":{"site-sidebar-layout":"default","site-content-layout":"default","ast-site-content-layout":"default","site-content-style":"default","site-sidebar-style":"default","ast-global-header-display":"","ast-banner-title-visibility":"","ast-main-header-display":"","ast-hfb-above-header-display":"","ast-hfb-below-header-display":"","ast-hfb-mobile-header-display":"","site-post-title":"","ast-breadcrumbs-content":"","ast-featured-img":"","footer-sml-layout":"","ast-disable-related-posts":"","theme-transparent-header-meta":"default","adv-header-id-meta":"","stick-header-meta":"","header-above-stick-meta":"","header-main-stick-meta":"","header-below-stick-meta":"","astra-migrate-meta-layouts":"set","ast-page-background-enabled":"default","ast-page-background-meta":{"desktop":{"background-color":"","background-image":"","background-repeat":"repeat","background-position":"center center","background-size":"auto","background-attachment":"scroll","background-type":"","background-media":"","overlay-type":"","overlay-color":"","overlay-opacity":"","overlay-gradient":""},"tablet":{"background-color":"","background-image":"","background-repeat":"repeat","background-position":"center center","background-size":"auto","background-attachment":"scroll","background-type":"","background-media":"","overlay-type":"","overlay-color":"","overlay-opacity":"","overlay-gradient":""},"mobile":{"background-color":"","background-image":"","background-repeat":"repeat","background-position":"center center","background-size":"auto","background-attachment":"scroll","background-type":"","background-media":"","overlay-type":"","overlay-color":"","overlay-opacity":"","overlay-gradient":""}},"ast-content-background-meta":{"desktop":{"background-color":"var(--ast-global-color-5)","background-image":"","background-repeat":"repeat","background-position":"center center","background-size":"auto","background-attachment":"scroll","background-type":"","background-media":"","overlay-type":"","overlay-color":"","overlay-opacity":"","overlay-gradient":""},"tablet":{"background-color":"var(--ast-global-color-5)","background-image":"","background-repeat":"repeat","background-position":"center center","background-size":"auto","background-attachment":"scroll","background-type":"","background-media":"","overlay-type":"","overlay-color":"","overlay-opacity":"","overlay-gradient":""},"mobile":{"background-color":"var(--ast-global-color-5)","background-image":"","background-repeat":"repeat","background-position":"center center","background-size":"auto","background-attachment":"scroll","background-type":"","background-media":"","overlay-type":"","overlay-color":"","overlay-opacity":"","overlay-gradient":""}},"slim_seo":{"title":"Intensa PP-vre\u0107a 50 kg (100 kom) - Intensa","description":"Cijena paketa od 100 komada vre\u0107a. Cijene su bez PDV-a. Dostava nije uklju\u010dena. Opcije dostave na UPIT: +385 91 3632 068 ili info@intensa.hr . Dimenzije vre\u0107a:"}},"product_brand":[],"product_cat":[32],"product_tag":[43],"class_list":{"0":"post-6453","1":"product","2":"type-product","3":"status-publish","4":"has-post-thumbnail","6":"product_cat-ostali-proizvodi","7":"product_tag-pp-vrece","8":"desktop-align-left","9":"tablet-align-left","10":"mobile-align-left","12":"first","13":"instock","14":"taxable","15":"shipping-taxable","16":"purchasable","17":"product-type-simple"},"_links":{"self":[{"href":"https:\/\/intensa.hr\/en\/wp-json\/wp\/v2\/product\/6453","targetHints":{"allow":["GET"]}}],"collection":[{"href":"https:\/\/intensa.hr\/en\/wp-json\/wp\/v2\/product"}],"about":[{"href":"https:\/\/intensa.hr\/en\/wp-json\/wp\/v2\/types\/product"}],"wp:featuredmedia":[{"embeddable":true,"href":"https:\/\/intensa.hr\/en\/wp-json\/wp\/v2\/media\/5723"}],"wp:attachment":[{"href":"https:\/\/intensa.hr\/en\/wp-json\/wp\/v2\/media?parent=6453"}],"wp:term":[{"taxonomy":"product_brand","embeddable":true,"href":"https:\/\/intensa.hr\/en\/wp-json\/wp\/v2\/product_brand?post=6453"},{"taxonomy":"product_cat","embeddable":true,"href":"https:\/\/intensa.hr\/en\/wp-json\/wp\/v2\/product_cat?post=6453"},{"taxonomy":"product_tag","embeddable":true,"href":"https:\/\/intensa.hr\/en\/wp-json\/wp\/v2\/product_tag?post=6453"}],"curies":[{"name":"wp","href":"https:\/\/api.w.org\/{rel}","templated":true}]}}